{"id":6,"date":"2025-05-15T07:34:49","date_gmt":"2025-05-15T05:34:49","guid":{"rendered":"https:\/\/webprosjekter.com\/fidens.webprosjekter.com\/?page_id=6"},"modified":"2025-05-15T09:43:27","modified_gmt":"2025-05-15T07:43:27","slug":"hjem","status":"publish","type":"page","link":"https:\/\/webprosjekter.com\/fidens.webprosjekter.com\/","title":{"rendered":"Hjem"},"content":{"rendered":"\n<div class=\"wp-block-group alignwide has-global-padding is-layout-constrained wp-block-group-is-layout-constrained\">\n<div class=\"wp-block-media-text alignwide has-media-on-the-right is-stacked-on-mobile\"><div class=\"wp-block-media-text__content\">\n<h2 class=\"wp-block-heading\">Fidens<\/h2>\n\n\n\n<p>FIDENS er et landsdekkende konsulentfirma innen bygg og eiendom. Selskapet&nbsp;utf\u00f8rer&nbsp;vurderinger av bolig og n\u00e6ringseiendommer for privat og offentlig sektor&nbsp;og har tilknyttet 25 Bygningssakkyndige.&nbsp;<\/p>\n<\/div><figure class=\"wp-block-media-text__media\"><img loading=\"lazy\" decoding=\"async\" width=\"950\" height=\"632\" src=\"https:\/\/webprosjekter.com\/fidens.webprosjekter.com\/wp-content\/uploads\/To-menn-som-maler-hus.jpg\" alt=\"\" class=\"wp-image-56 size-full\" srcset=\"https:\/\/webprosjekter.com\/fidens.webprosjekter.com\/wp-content\/uploads\/To-menn-som-maler-hus.jpg 950w, https:\/\/webprosjekter.com\/fidens.webprosjekter.com\/wp-content\/uploads\/To-menn-som-maler-hus-300x200.jpg 300w, https:\/\/webprosjekter.com\/fidens.webprosjekter.com\/wp-content\/uploads\/To-menn-som-maler-hus-768x511.jpg 768w\" sizes=\"auto, (max-width: 950px) 100vw, 950px\" \/><\/figure><\/div>\n<\/div>\n\n\n\n<div class=\"wp-block-cover alignfull is-light\" style=\"min-height:600px;aspect-ratio:unset;\"><img loading=\"lazy\" decoding=\"async\" width=\"1600\" height=\"1061\" class=\"wp-block-cover__image-background wp-image-57 size-full\" alt=\"\" src=\"https:\/\/webprosjekter.com\/fidens.webprosjekter.com\/wp-content\/uploads\/Bord-armer-tegning-tablet.jpg\" data-object-fit=\"cover\" srcset=\"https:\/\/webprosjekter.com\/fidens.webprosjekter.com\/wp-content\/uploads\/Bord-armer-tegning-tablet.jpg 1600w, https:\/\/webprosjekter.com\/fidens.webprosjekter.com\/wp-content\/uploads\/Bord-armer-tegning-tablet-300x199.jpg 300w, https:\/\/webprosjekter.com\/fidens.webprosjekter.com\/wp-content\/uploads\/Bord-armer-tegning-tablet-1024x679.jpg 1024w, https:\/\/webprosjekter.com\/fidens.webprosjekter.com\/wp-content\/uploads\/Bord-armer-tegning-tablet-768x509.jpg 768w, https:\/\/webprosjekter.com\/fidens.webprosjekter.com\/wp-content\/uploads\/Bord-armer-tegning-tablet-1536x1019.jpg 1536w\" sizes=\"auto, (max-width: 1600px) 100vw, 1600px\" \/><span aria-hidden=\"true\" class=\"wp-block-cover__background has-background-dim\" style=\"background-color:#c4c7c8\"><\/span><div class=\"wp-block-cover__inner-container has-global-padding is-layout-constrained wp-block-cover-is-layout-constrained\"><div class=\"aligncenter wp-block-site-logo\"><a href=\"https:\/\/webprosjekter.com\/fidens.webprosjekter.com\/\" class=\"custom-logo-link\" rel=\"home\"><img loading=\"lazy\" decoding=\"async\" width=\"645\" height=\"344\" src=\"https:\/\/webprosjekter.com\/fidens.webprosjekter.com\/wp-content\/uploads\/Fidens-logo.png\" class=\"custom-logo\" alt=\"Fidens logo\" srcset=\"https:\/\/webprosjekter.com\/fidens.webprosjekter.com\/wp-content\/uploads\/Fidens-logo.png 1500w, https:\/\/webprosjekter.com\/fidens.webprosjekter.com\/wp-content\/uploads\/Fidens-logo-300x160.png 300w, https:\/\/webprosjekter.com\/fidens.webprosjekter.com\/wp-content\/uploads\/Fidens-logo-1024x547.png 1024w, https:\/\/webprosjekter.com\/fidens.webprosjekter.com\/wp-content\/uploads\/Fidens-logo-768x410.png 768w\" sizes=\"auto, (max-width: 645px) 100vw, 645px\" \/><\/a><\/div><\/div><\/div>\n\n\n\n<div class=\"wp-block-media-text alignfull is-stacked-on-mobile\"><figure class=\"wp-block-media-text__media\"><img loading=\"lazy\" decoding=\"async\" width=\"1024\" height=\"682\" src=\"https:\/\/webprosjekter.com\/fidens.webprosjekter.com\/wp-content\/uploads\/to-mennesker-ser-pa-dokument-1024x682.jpg\" alt=\"\" class=\"wp-image-58 size-full\" srcset=\"https:\/\/webprosjekter.com\/fidens.webprosjekter.com\/wp-content\/uploads\/to-mennesker-ser-pa-dokument-1024x682.jpg 1024w, https:\/\/webprosjekter.com\/fidens.webprosjekter.com\/wp-content\/uploads\/to-mennesker-ser-pa-dokument-300x200.jpg 300w, https:\/\/webprosjekter.com\/fidens.webprosjekter.com\/wp-content\/uploads\/to-mennesker-ser-pa-dokument-768x511.jpg 768w, https:\/\/webprosjekter.com\/fidens.webprosjekter.com\/wp-content\/uploads\/to-mennesker-ser-pa-dokument-1536x1022.jpg 1536w, https:\/\/webprosjekter.com\/fidens.webprosjekter.com\/wp-content\/uploads\/to-mennesker-ser-pa-dokument.jpg 1600w\" sizes=\"auto, (max-width: 1024px) 100vw, 1024px\" \/><\/figure><div class=\"wp-block-media-text__content\">\n<h2 class=\"wp-block-heading\">M\u00d8TEPUNKT<\/h2>\n\n\n\n<p>V\u00e5re medarbeidere har mange \u00e5rs erfaring med \u00e5 bist\u00e5 i forbindelse med tilstandsvurderinger, byggel\u00e5nsoppf\u00f8lging, skadetaksering, og verdifastsettelse av skattetakst, utviklingseiendommer og st\u00f8rre bolig- og n\u00e6ringseiendommer<\/p>\n<\/div><\/div>\n\n\n\n<div style=\"height:134px\" aria-hidden=\"true\" class=\"wp-block-spacer\"><\/div>\n\n\n\n<div class=\"wp-block-group alignwide has-global-padding is-layout-constrained wp-block-group-is-layout-constrained\">\n<div class=\"wp-block-columns alignwide is-layout-flex wp-container-core-columns-is-layout-28f84493 wp-block-columns-is-layout-flex\">\n<div class=\"wp-block-column is-layout-flow wp-block-column-is-layout-flow\">\n<h2 class=\"wp-block-heading\">V\u00e5re tjenester<\/h2>\n<\/div>\n\n\n\n<div class=\"wp-block-column is-layout-flow wp-block-column-is-layout-flow\">\n<h2 class=\"wp-block-heading\">Bolig<\/h2>\n\n\n\n<p>Vi utf\u00f8rer en rekke tjenester i forbindelse med oppf\u00f8ring, drift, vedlikehold og eierskifte av nye og brukte boliger..<\/p>\n\n\n\n<h2 class=\"wp-block-heading\">N\u00e6ring<\/h2>\n\n\n\n<p>V\u00e5re bygningssakyndige har mange \u00e5rs erfaring med \u00e5 bist\u00e5 i forbindelse med byggel\u00e5nsoppf\u00f8lging, stripeavst\u00e5elser, tilstandsvurdering, verdifastsettelse av utviklingseiendommer og st\u00f8rre n\u00e6ringseiendommer.<\/p>\n\n\n\n<h2 class=\"wp-block-heading\">Skade<\/h2>\n\n\n\n<p>N\u00e5r skaden har oppst\u00e5tt kan vi bist\u00e5 med utf\u00f8re skj\u00f8nn, vurdere omfang, tiltak og beregne kostnader for \u00e5 utbedre skadene.<\/p>\n<\/div>\n<\/div>\n<\/div>\n\n\n\n<div style=\"height:134px\" aria-hidden=\"true\" class=\"wp-block-spacer\"><\/div>\n\n\n\n<div class=\"wp-block-cover alignfull is-light\" style=\"min-height:600px;aspect-ratio:unset;\"><img loading=\"lazy\" decoding=\"async\" width=\"1024\" height=\"662\" class=\"wp-block-cover__image-background wp-image-59 size-large\" alt=\"\" src=\"https:\/\/webprosjekter.com\/fidens.webprosjekter.com\/wp-content\/uploads\/mote-rundt-bord-ser-pa-tegninger-1024x662.jpg\" data-object-fit=\"cover\" srcset=\"https:\/\/webprosjekter.com\/fidens.webprosjekter.com\/wp-content\/uploads\/mote-rundt-bord-ser-pa-tegninger-1024x662.jpg 1024w, https:\/\/webprosjekter.com\/fidens.webprosjekter.com\/wp-content\/uploads\/mote-rundt-bord-ser-pa-tegninger-300x194.jpg 300w, https:\/\/webprosjekter.com\/fidens.webprosjekter.com\/wp-content\/uploads\/mote-rundt-bord-ser-pa-tegninger-768x497.jpg 768w, https:\/\/webprosjekter.com\/fidens.webprosjekter.com\/wp-content\/uploads\/mote-rundt-bord-ser-pa-tegninger-1536x994.jpg 1536w, https:\/\/webprosjekter.com\/fidens.webprosjekter.com\/wp-content\/uploads\/mote-rundt-bord-ser-pa-tegninger.jpg 1600w\" sizes=\"auto, (max-width: 1024px) 100vw, 1024px\" \/><span aria-hidden=\"true\" class=\"wp-block-cover__background has-background-dim\" style=\"background-color:#babbc0\"><\/span><div class=\"wp-block-cover__inner-container has-global-padding is-layout-constrained wp-block-cover-is-layout-constrained\">\n<h2 class=\"wp-block-heading has-text-align-center has-text-color has-link-color has-xx-large-font-size wp-elements-6988c2cf7551be35e4095ba8096df63c\" style=\"color:#e95438\">Bestill<\/h2>\n<\/div><\/div>\n","protected":false},"excerpt":{"rendered":"<p>Fidens FIDENS er et landsdekkende konsulentfirma innen bygg og eiendom. Selskapet&nbsp;utf\u00f8rer&nbsp;vurderinger av bolig og n\u00e6ringseiendommer for privat og offentlig sektor&nbsp;og har tilknyttet 25 Bygningssakkyndige.&nbsp; M\u00d8TEPUNKT V\u00e5re medarbeidere har mange \u00e5rs erfaring med \u00e5 bist\u00e5 i forbindelse med tilstandsvurderinger, byggel\u00e5nsoppf\u00f8lging, skadetaksering, og verdifastsettelse av skattetakst, utviklingseiendommer og st\u00f8rre bolig- og n\u00e6ringseiendommer V\u00e5re tjenester Bolig Vi utf\u00f8rer [&hellip;]<\/p>\n","protected":false},"author":1,"featured_media":0,"parent":0,"menu_order":0,"comment_status":"closed","ping_status":"closed","template":"","meta":{"footnotes":""},"class_list":["post-6","page","type-page","status-publish","hentry"],"_links":{"self":[{"href":"https:\/\/webprosjekter.com\/fidens.webprosjekter.com\/wp-json\/wp\/v2\/pages\/6","targetHints":{"allow":["GET"]}}],"collection":[{"href":"https:\/\/webprosjekter.com\/fidens.webprosjekter.com\/wp-json\/wp\/v2\/pages"}],"about":[{"href":"https:\/\/webprosjekter.com\/fidens.webprosjekter.com\/wp-json\/wp\/v2\/types\/page"}],"author":[{"embeddable":true,"href":"https:\/\/webprosjekter.com\/fidens.webprosjekter.com\/wp-json\/wp\/v2\/users\/1"}],"replies":[{"embeddable":true,"href":"https:\/\/webprosjekter.com\/fidens.webprosjekter.com\/wp-json\/wp\/v2\/comments?post=6"}],"version-history":[{"count":0,"href":"https:\/\/webprosjekter.com\/fidens.webprosjekter.com\/wp-json\/wp\/v2\/pages\/6\/revisions"}],"wp:attachment":[{"href":"https:\/\/webprosjekter.com\/fidens.webprosjekter.com\/wp-json\/wp\/v2\/media?parent=6"}],"curies":[{"name":"wp","href":"https:\/\/api.w.org\/{rel}","templated":true}]}}