{"id":78,"date":"2025-05-15T08:24:40","date_gmt":"2025-05-15T06:24:40","guid":{"rendered":"https:\/\/webprosjekter.com\/fidens.webprosjekter.com\/?page_id=78"},"modified":"2025-05-19T03:36:45","modified_gmt":"2025-05-19T01:36:45","slug":"bestill","status":"publish","type":"page","link":"https:\/\/webprosjekter.com\/fidens.webprosjekter.com\/bestill\/","title":{"rendered":"Bestill"},"content":{"rendered":"\n<div class=\"wp-block-group alignwide has-border-color has-base-border-color has-global-padding is-layout-constrained wp-container-core-group-is-layout-639b5052 wp-block-group-is-layout-constrained\" style=\"border-width:3px;padding-top:0;padding-right:0;padding-bottom:0;padding-left:0\">\n<div class=\"wp-block-columns alignfull is-layout-flex wp-container-core-columns-is-layout-b653aba5 wp-block-columns-is-layout-flex\" style=\"padding-top:var(--wp--preset--spacing--50);padding-right:var(--wp--preset--spacing--50);padding-bottom:var(--wp--preset--spacing--50);padding-left:var(--wp--preset--spacing--50)\">\n<div class=\"wp-block-column is-layout-flow wp-block-column-is-layout-flow\">\n<h2 class=\"wp-block-heading\">Bestill<\/h2>\n\n\n\n<p>FIDENS er et landsdekkende konsulentfirma innen bygg og eiendom. Selskapet uf\u00f8rer vurderinger av bolig og n\u00e6ringseiendommer for privat og offentlig sektor. V\u00e5re medarbeidere har mange \u00e5rs erfaring med \u00e5 bist\u00e5 i forbindelse med tilstandsvurderinger, byggel\u00e5nsoppf\u00f8lging, skadetaksering, og verdifastsettelse av skattetakst, utviklingseiendommer og st\u00f8rre bolig- og n\u00e6ringseiendommer.<\/p>\n<\/div>\n\n\n\n<div class=\"wp-block-column is-layout-flow wp-block-column-is-layout-flow\">\n<p>Kontakt skjema med disse feltene:<br>Rekvirent<br>Kontaktperson<br>Epost<br>Adresse<br>Mobilnummer<br>Matrikkel (gnr\/bnr\/snr)<br>Melding<br>&#8211; SEND &#8211; knapp<\/p>\n<\/div>\n<\/div>\n<\/div>\n","protected":false},"excerpt":{"rendered":"<p>Bestill FIDENS er et landsdekkende konsulentfirma innen bygg og eiendom. Selskapet uf\u00f8rer vurderinger av bolig og n\u00e6ringseiendommer for privat og offentlig sektor. V\u00e5re medarbeidere har mange \u00e5rs erfaring med \u00e5 bist\u00e5 i forbindelse med tilstandsvurderinger, byggel\u00e5nsoppf\u00f8lging, skadetaksering, og verdifastsettelse av skattetakst, utviklingseiendommer og st\u00f8rre bolig- og n\u00e6ringseiendommer. Kontakt skjema med disse feltene:RekvirentKontaktpersonEpostAdresseMobilnummerMatrikkel (gnr\/bnr\/snr)Melding&#8211; SEND &#8211; [&hellip;]<\/p>\n","protected":false},"author":1,"featured_media":0,"parent":0,"menu_order":0,"comment_status":"closed","ping_status":"closed","template":"","meta":{"footnotes":""},"class_list":["post-78","page","type-page","status-publish","hentry"],"_links":{"self":[{"href":"https:\/\/webprosjekter.com\/fidens.webprosjekter.com\/wp-json\/wp\/v2\/pages\/78","targetHints":{"allow":["GET"]}}],"collection":[{"href":"https:\/\/webprosjekter.com\/fidens.webprosjekter.com\/wp-json\/wp\/v2\/pages"}],"about":[{"href":"https:\/\/webprosjekter.com\/fidens.webprosjekter.com\/wp-json\/wp\/v2\/types\/page"}],"author":[{"embeddable":true,"href":"https:\/\/webprosjekter.com\/fidens.webprosjekter.com\/wp-json\/wp\/v2\/users\/1"}],"replies":[{"embeddable":true,"href":"https:\/\/webprosjekter.com\/fidens.webprosjekter.com\/wp-json\/wp\/v2\/comments?post=78"}],"version-history":[{"count":0,"href":"https:\/\/webprosjekter.com\/fidens.webprosjekter.com\/wp-json\/wp\/v2\/pages\/78\/revisions"}],"wp:attachment":[{"href":"https:\/\/webprosjekter.com\/fidens.webprosjekter.com\/wp-json\/wp\/v2\/media?parent=78"}],"curies":[{"name":"wp","href":"https:\/\/api.w.org\/{rel}","templated":true}]}}